{"id":1236,"date":"2024-04-19T10:05:51","date_gmt":"2024-04-19T08:05:51","guid":{"rendered":"https:\/\/www.mallorcaprojects.com\/startseite\/"},"modified":"2025-04-26T16:46:20","modified_gmt":"2025-04-26T14:46:20","slug":"heim","status":"publish","type":"page","link":"https:\/\/www.mallorcaprojects.com\/de\/","title":{"rendered":"HEIM"},"content":{"rendered":"\t\t<div data-elementor-type=\"wp-page\" data-elementor-id=\"1236\" class=\"elementor elementor-1236 elementor-19\">\n\t\t\t\t<div class=\"elementor-element elementor-element-2c500fb e-flex e-con-boxed e-con e-parent\" data-id=\"2c500fb\" data-element_type=\"container\" data-e-type=\"container\">\n\t\t\t\t\t<div class=\"e-con-inner\">\n\t\t\t\t<div class=\"elementor-element elementor-element-98f8364 elementor-widget elementor-widget-heading\" data-id=\"98f8364\" data-element_type=\"widget\" data-e-type=\"widget\" data-widget_type=\"heading.default\">\n\t\t\t\t<div class=\"elementor-widget-container\">\n\t\t\t\t\t<h1 class=\"elementor-heading-title elementor-size-default\">PROFESSIONELLE PROJEKTMANAGEMENT-DIENSTLEISTUNGEN<\/h1>\t\t\t\t<\/div>\n\t\t\t\t<\/div>\n\t\t\t\t\t<\/div>\n\t\t\t\t<\/div>\n\t\t<div class=\"elementor-element elementor-element-4d18e30 e-flex e-con-boxed e-con e-parent\" data-id=\"4d18e30\" data-element_type=\"container\" data-e-type=\"container\">\n\t\t\t\t\t<div class=\"e-con-inner\">\n\t\t\t\t<div class=\"elementor-element elementor-element-27ea53b elementor-widget elementor-widget-text-editor\" data-id=\"27ea53b\" data-element_type=\"widget\" data-e-type=\"widget\" data-widget_type=\"text-editor.default\">\n\t\t\t\t<div class=\"elementor-widget-container\">\n\t\t\t\t\t\t\t\t\t<p class=\"has-text-color\"><span style=\"color: #b6e8ec;\">Mallorca Projects kombiniert eine F\u00fclle an praktischer Erfahrung, lokaler Kenntnis und gro\u00dfartigen Kommunikationsf\u00e4higkeiten, um eine breite Palette einzigartiger Projekte zu entwickeln und umzusetzen.<\/span><\/p>\n<p class=\"has-text-color\"><span style=\"color: #b6e8ec;\">Indem wir unseren Kunden von Anfang an genau zuh\u00f6ren, sind wir in der Lage, ihre Visionen zu formulieren und geeignete Designs, Materialien und Arbeiten f\u00fcr ein angemessenes Budget anzubieten.<\/span><\/p>\n<p class=\"has-text-color\"><span style=\"color: #b6e8ec;\">Bitte kontaktieren Sie Suzanne Pardoe f\u00fcr ein kostenloses Erstgespr\u00e4ch, bei dem wir Ihre individuellen Vorstellungen und Anforderungen weiter besprechen k\u00f6nnen.<\/span><\/p>\n\t\t\t\t\t\t\t\t<\/div>\n\t\t\t\t<\/div>\n\t\t\t\t\t<\/div>\n\t\t\t\t<\/div>\n\t\t<div class=\"elementor-element elementor-element-c39009f e-flex e-con-boxed e-con e-parent\" data-id=\"c39009f\" data-element_type=\"container\" data-e-type=\"container\">\n\t\t\t\t\t<div class=\"e-con-inner\">\n\t\t\t\t<div class=\"elementor-element elementor-element-7c8975f elementor-widget elementor-widget-image\" data-id=\"7c8975f\" data-element_type=\"widget\" data-e-type=\"widget\" data-widget_type=\"image.default\">\n\t\t\t\t<div class=\"elementor-widget-container\">\n\t\t\t\t\t\t\t\t\t\t\t\t\t\t\t<img decoding=\"async\" width=\"90\" height=\"109\" data-src=\"https:\/\/www.mallorcaprojects.com\/wp-content\/uploads\/2024\/04\/cropped-Mallorca-Projects-Logo-e1713528879459.png\" class=\"attachment-medium size-medium wp-image-26 lazyload\" alt=\"cropped Mallorca Projects Logo e1713528879459\" data-sizes=\"100vw\" src=\"data:image\/svg+xml;base64,PHN2ZyB3aWR0aD0iMSIgaGVpZ2h0PSIxIiB4bWxucz0iaHR0cDovL3d3dy53My5vcmcvMjAwMC9zdmciPjwvc3ZnPg==\" style=\"--smush-placeholder-width: 90px; --smush-placeholder-aspect-ratio: 90\/109;\" \/>\t\t\t\t\t\t\t\t\t\t\t\t\t\t\t<\/div>\n\t\t\t\t<\/div>\n\t\t\t\t\t<\/div>\n\t\t\t\t<\/div>\n\t\t\t\t<\/div>\n\t\t","protected":false},"excerpt":{"rendered":"<p>PROFESSIONELLE PROJEKTMANAGEMENT-DIENSTLEISTUNGEN Mallorca Projects kombiniert eine F\u00fclle an praktischer Erfahrung, lokaler Kenntnis und gro\u00dfartigen Kommunikationsf\u00e4higkeiten, um eine breite Palette einzigartiger Projekte zu entwickeln und umzusetzen. Indem wir unseren Kunden von Anfang an genau zuh\u00f6ren, sind wir in der Lage, ihre Visionen zu formulieren und geeignete Designs, Materialien und Arbeiten f\u00fcr ein angemessenes Budget anzubieten. Bitte &hellip; <\/p>\n<p class=\"link-more\"><a href=\"https:\/\/www.mallorcaprojects.com\/de\/\" class=\"more-link\"><span class=\"screen-reader-text\">\u201eHEIM\u201c <\/span>weiterlesen<\/a><\/p>\n","protected":false},"author":1,"featured_media":231,"parent":0,"menu_order":0,"comment_status":"closed","ping_status":"closed","template":"","meta":{"footnotes":""},"class_list":["post-1236","page","type-page","status-publish","has-post-thumbnail","hentry"],"_links":{"self":[{"href":"https:\/\/www.mallorcaprojects.com\/de\/wp-json\/wp\/v2\/pages\/1236","targetHints":{"allow":["GET"]}}],"collection":[{"href":"https:\/\/www.mallorcaprojects.com\/de\/wp-json\/wp\/v2\/pages"}],"about":[{"href":"https:\/\/www.mallorcaprojects.com\/de\/wp-json\/wp\/v2\/types\/page"}],"author":[{"embeddable":true,"href":"https:\/\/www.mallorcaprojects.com\/de\/wp-json\/wp\/v2\/users\/1"}],"replies":[{"embeddable":true,"href":"https:\/\/www.mallorcaprojects.com\/de\/wp-json\/wp\/v2\/comments?post=1236"}],"version-history":[{"count":0,"href":"https:\/\/www.mallorcaprojects.com\/de\/wp-json\/wp\/v2\/pages\/1236\/revisions"}],"wp:featuredmedia":[{"embeddable":true,"href":"https:\/\/www.mallorcaprojects.com\/de\/wp-json\/wp\/v2\/media\/231"}],"wp:attachment":[{"href":"https:\/\/www.mallorcaprojects.com\/de\/wp-json\/wp\/v2\/media?parent=1236"}],"curies":[{"name":"wp","href":"https:\/\/api.w.org\/{rel}","templated":true}]}}