{"id":1303,"date":"2024-04-15T08:48:34","date_gmt":"2024-04-15T06:48:34","guid":{"rendered":"https:\/\/www.mallorcaprojects.com\/dienstleistungen\/"},"modified":"2025-04-26T16:53:29","modified_gmt":"2025-04-26T14:53:29","slug":"dienstleistungen","status":"publish","type":"page","link":"https:\/\/www.mallorcaprojects.com\/de\/dienstleistungen\/","title":{"rendered":"DIENSTLEISTUNGEN"},"content":{"rendered":"\r\n<h2 class=\"wp-block-heading\"><span style=\"color: #6be8ec;\"><strong>PROJEKTLEITUNG<\/strong><\/span><\/h2>\r\n<p>&nbsp;<\/p>\r\n\r\n\r\n\r\n<p><span style=\"color: #6be8ec;\">Von der Konzeption bis zur Fertigstellung bietet Mallorca Projects einen umfassenden, zuverl\u00e4ssigen und kommunikativen schl\u00fcsselfertigen Service und liefert erstklassige, ma\u00dfgeschneiderte Projekte an zufriedene Kunden auf der ganzen Insel.<\/span><\/p>\r\n<p>&nbsp;<\/p>\r\n\r\n\r\n\r\n<h2 class=\"wp-block-heading\"><span style=\"color: #6be8ec;\"><strong>BERATUNGSDIENSTE<\/strong><\/span><\/h2>\r\n<p>&nbsp;<\/p>\r\n\r\n\r\n\r\n<p><span style=\"color: #6be8ec;\">Ein gezielter Service gegen eine feste Geb\u00fchr. Kunden k\u00f6nnen sich zu einer Vielzahl von Themen beraten lassen, um ihnen bei allen Aspekten des Bauens und Gestaltens zu helfen und Orientierung zu bieten.<\/span><\/p>\r\n<p>&nbsp;<\/p>\r\n\r\n\r\n\r\n<p><span style=\"color: #6be8ec;\">&#8211; <strong>Quellen- und Designpaket;<\/strong> Vorschl\u00e4ge f\u00fcr ein geeignetes Layout, Materialien, Oberfl\u00e4chen und Lieferanten f\u00fcr ein Projekt mit einer Kostenanalyse.<\/span><\/p>\r\n<p>&nbsp;<\/p>\r\n\r\n\r\n\r\n<p><span style=\"color: #6be8ec;\">&#8211; <strong>\u00dcbersetzung <\/strong>von Kostenvoranschl\u00e4gen und Rechnungen von Bauunternehmen und Handwerkern<\/span><\/p>\r\n<p>&nbsp;<\/p>\r\n\r\n\r\n\r\n<p><br \/><span style=\"color: #6be8ec;\">&#8211; <strong>Individuelle Raumumgestaltungen<\/strong> &#8211; K\u00fcchen und B\u00e4der, Au\u00dfenbereiche<\/span><br \/><span style=\"color: #6be8ec;\">K\u00fcchen und Essbereiche, Terrassen, Pflasterung, Tore und Z\u00e4une.<\/span><\/p>\r\n<p>&nbsp;<\/p>\r\n\r\n\r\n\r\n<p><br \/><span style=\"color: #6be8ec;\">&#8211; <strong>Bessere Beleuchtung<\/strong>, Einbau von Oberlichtern, Bel\u00fcftung oder Anbringen von Moskitonetzen an bestehenden Fenstern.<\/span><\/p>\r\n<p>&nbsp;<\/p>\r\n\r\n\r\n\r\n<p><br \/><span style=\"color: #6be8ec;\">&#8211; <strong>Versorgungseinrichtungen und Dienstleistungen<\/strong> &#8211; Klimaanlagen, zus\u00e4tzliche Steckdosen, elektrische Inspektionen, Energieausweise, Gasinstallationen, Aufr\u00fcstung der Stromversorgung und Papierkram.<\/span><\/p>\r\n<p>&nbsp;<\/p>\r\n\r\n\r\n\r\n<p><br \/><span style=\"color: #6be8ec;\">&#8211; <strong>Reparaturen<\/strong>, Instandhaltung und allgemeine Immobiliendienstleistungen; der Austausch von Warmwasserbereitern, kaputten Wasserh\u00e4hnen oder Fensterscheiben; die am wenigsten glamour\u00f6se, aber wichtigste Immobiliendienstleistung, die oft schwer zu finden ist.<\/span><\/p>\r\n<p>&nbsp;<\/p>\r\n\r\n\r\n\r\n<p><br \/><span style=\"color: #6be8ec;\">&#8211; <strong>M\u00f6blierung <\/strong>und Ausstattung von Immobilien, Auftragsarbeiten auf der Stra\u00dfe oder nach Ma\u00df, lokale Tischler und Tapezierer.<\/span><\/p>\r\n<p>&nbsp;<\/p>\r\n\r\n\r\n\r\n<p><br \/><span style=\"color: #6be8ec;\">&#8211; <strong>Ma\u00dfgeschneiderte<\/strong> Auftragsarbeiten aus Holz, Glas, Eisen oder Stein von lokalen Handwerkern und H\u00e4ndlern.<\/span><\/p>\r\n<p>&nbsp;<\/p>\r\n\r\n\r\n\r\n<p><span style=\"color: #6be8ec;\">&#8211; <strong>Spezifische Planungsfragen<\/strong>, die sich auf ein Projekt oder den Kauf einer Immobilie auswirken k\u00f6nnten, k\u00f6nnen mit lokalen Experten gekl\u00e4rt werden, bevor der Kauf get\u00e4tigt wird. Bietet Klarheit und Seelenfrieden.<\/span><\/p>\r\n<p>&nbsp;<\/p>\r\n\r\n\r\n\r\n<p><span style=\"color: #6be8ec;\">&#8211;<strong> Ermittlung der Kosten<\/strong> f\u00fcr die Versorgung eines leeren Grundst\u00fccks mit Strom, Wasser und Abwasser. Elektrische Upgrades, um die Stromversorgung Ihrer Immobilie zu verbessern. Anschluss an kommunale Entw\u00e4sserungsnetze.<\/span><\/p>\r\n","protected":false},"excerpt":{"rendered":"<p>PROJEKTLEITUNG &nbsp; Von der Konzeption bis zur Fertigstellung bietet Mallorca Projects einen umfassenden, zuverl\u00e4ssigen und kommunikativen schl\u00fcsselfertigen Service und liefert erstklassige, ma\u00dfgeschneiderte Projekte an zufriedene Kunden auf der ganzen Insel. &nbsp; BERATUNGSDIENSTE &nbsp; Ein gezielter Service gegen eine feste Geb\u00fchr. Kunden k\u00f6nnen sich zu einer Vielzahl von Themen beraten lassen, um ihnen bei allen Aspekten &hellip; <\/p>\n<p class=\"link-more\"><a href=\"https:\/\/www.mallorcaprojects.com\/de\/dienstleistungen\/\" class=\"more-link\"><span class=\"screen-reader-text\">\u201eDIENSTLEISTUNGEN\u201c <\/span>weiterlesen<\/a><\/p>\n","protected":false},"author":1,"featured_media":227,"parent":0,"menu_order":0,"comment_status":"closed","ping_status":"closed","template":"","meta":{"footnotes":""},"class_list":["post-1303","page","type-page","status-publish","has-post-thumbnail","hentry"],"_links":{"self":[{"href":"https:\/\/www.mallorcaprojects.com\/de\/wp-json\/wp\/v2\/pages\/1303","targetHints":{"allow":["GET"]}}],"collection":[{"href":"https:\/\/www.mallorcaprojects.com\/de\/wp-json\/wp\/v2\/pages"}],"about":[{"href":"https:\/\/www.mallorcaprojects.com\/de\/wp-json\/wp\/v2\/types\/page"}],"author":[{"embeddable":true,"href":"https:\/\/www.mallorcaprojects.com\/de\/wp-json\/wp\/v2\/users\/1"}],"replies":[{"embeddable":true,"href":"https:\/\/www.mallorcaprojects.com\/de\/wp-json\/wp\/v2\/comments?post=1303"}],"version-history":[{"count":0,"href":"https:\/\/www.mallorcaprojects.com\/de\/wp-json\/wp\/v2\/pages\/1303\/revisions"}],"wp:featuredmedia":[{"embeddable":true,"href":"https:\/\/www.mallorcaprojects.com\/de\/wp-json\/wp\/v2\/media\/227"}],"wp:attachment":[{"href":"https:\/\/www.mallorcaprojects.com\/de\/wp-json\/wp\/v2\/media?parent=1303"}],"curies":[{"name":"wp","href":"https:\/\/api.w.org\/{rel}","templated":true}]}}