{"id":249,"date":"2024-04-19T10:05:51","date_gmt":"2024-04-19T08:05:51","guid":{"rendered":"https:\/\/www.mallorcaprojects.com\/inicio\/"},"modified":"2025-04-26T16:46:43","modified_gmt":"2025-04-26T14:46:43","slug":"inicio","status":"publish","type":"page","link":"https:\/\/www.mallorcaprojects.com\/es\/","title":{"rendered":"INICIO"},"content":{"rendered":"\t\t<div data-elementor-type=\"wp-page\" data-elementor-id=\"249\" class=\"elementor elementor-249 elementor-19\">\n\t\t\t\t<div class=\"elementor-element elementor-element-2c500fb e-flex e-con-boxed e-con e-parent\" data-id=\"2c500fb\" data-element_type=\"container\" data-e-type=\"container\">\n\t\t\t\t\t<div class=\"e-con-inner\">\n\t\t\t\t<div class=\"elementor-element elementor-element-98f8364 elementor-widget elementor-widget-heading\" data-id=\"98f8364\" data-element_type=\"widget\" data-e-type=\"widget\" data-widget_type=\"heading.default\">\n\t\t\t\t<div class=\"elementor-widget-container\">\n\t\t\t\t\t<h1 class=\"elementor-heading-title elementor-size-default\">SERVICIOS PROFESIONALES DE GESTI\u00d3N DE PROYECTOS<\/h1>\t\t\t\t<\/div>\n\t\t\t\t<\/div>\n\t\t\t\t\t<\/div>\n\t\t\t\t<\/div>\n\t\t<div class=\"elementor-element elementor-element-4d18e30 e-flex e-con-boxed e-con e-parent\" data-id=\"4d18e30\" data-element_type=\"container\" data-e-type=\"container\">\n\t\t\t\t\t<div class=\"e-con-inner\">\n\t\t\t\t<div class=\"elementor-element elementor-element-27ea53b elementor-widget elementor-widget-text-editor\" data-id=\"27ea53b\" data-element_type=\"widget\" data-e-type=\"widget\" data-widget_type=\"text-editor.default\">\n\t\t\t\t<div class=\"elementor-widget-container\">\n\t\t\t\t\t\t\t\t\t<p class=\"has-text-color\"><span style=\"color: #b6e8ec;\">Mallorca Projects combina una gran experiencia pr\u00e1ctica, conocimientos locales y grandes dotes de comunicaci\u00f3n, para crear y entregar una amplia gama de proyectos \u00fanicos.<\/span><\/p>\n<p class=\"has-text-color\"><span style=\"color: #b6e8ec;\">Escuchando atentamente a nuestros clientes desde el principio, podemos dar forma a su visi\u00f3n y ofrecer dise\u00f1os, materiales y obras adecuados, para un presupuesto apropiado.<\/span><\/p>\n<p class=\"has-text-color\"><span style=\"color: #b6e8ec;\">Ponte en contacto con Suzanne Pardoe para concertar una cita inicial gratuita, en la que podremos hablar m\u00e1s a fondo de tus ideas y necesidades individuales.<\/span><\/p>\n\t\t\t\t\t\t\t\t<\/div>\n\t\t\t\t<\/div>\n\t\t\t\t\t<\/div>\n\t\t\t\t<\/div>\n\t\t<div class=\"elementor-element elementor-element-c39009f e-flex e-con-boxed e-con e-parent\" data-id=\"c39009f\" data-element_type=\"container\" data-e-type=\"container\">\n\t\t\t\t\t<div class=\"e-con-inner\">\n\t\t\t\t<div class=\"elementor-element elementor-element-7c8975f elementor-widget elementor-widget-image\" data-id=\"7c8975f\" data-element_type=\"widget\" data-e-type=\"widget\" data-widget_type=\"image.default\">\n\t\t\t\t<div class=\"elementor-widget-container\">\n\t\t\t\t\t\t\t\t\t\t\t\t\t\t\t<img decoding=\"async\" width=\"90\" height=\"109\" data-src=\"https:\/\/www.mallorcaprojects.com\/wp-content\/uploads\/2024\/04\/cropped-Mallorca-Projects-Logo-e1713528879459.png\" class=\"attachment-medium size-medium wp-image-27 lazyload\" alt=\"cropped Mallorca Projects Logo e1713528879459\" data-sizes=\"100vw\" src=\"data:image\/svg+xml;base64,PHN2ZyB3aWR0aD0iMSIgaGVpZ2h0PSIxIiB4bWxucz0iaHR0cDovL3d3dy53My5vcmcvMjAwMC9zdmciPjwvc3ZnPg==\" style=\"--smush-placeholder-width: 90px; --smush-placeholder-aspect-ratio: 90\/109;\" \/>\t\t\t\t\t\t\t\t\t\t\t\t\t\t\t<\/div>\n\t\t\t\t<\/div>\n\t\t\t\t\t<\/div>\n\t\t\t\t<\/div>\n\t\t\t\t<\/div>\n\t\t","protected":false},"excerpt":{"rendered":"<p>SERVICIOS PROFESIONALES DE GESTI\u00d3N DE PROYECTOS Mallorca Projects combina una gran experiencia pr\u00e1ctica, conocimientos locales y grandes dotes de comunicaci\u00f3n, para crear y entregar una amplia gama de proyectos \u00fanicos. Escuchando atentamente a nuestros clientes desde el principio, podemos dar forma a su visi\u00f3n y ofrecer dise\u00f1os, materiales y obras adecuados, para un presupuesto apropiado. &hellip; <\/p>\n<p class=\"link-more\"><a href=\"https:\/\/www.mallorcaprojects.com\/es\/\" class=\"more-link\">Continuar leyendo<span class=\"screen-reader-text\"> \u00abINICIO\u00bb<\/span><\/a><\/p>\n","protected":false},"author":1,"featured_media":232,"parent":0,"menu_order":0,"comment_status":"closed","ping_status":"closed","template":"","meta":{"footnotes":""},"class_list":["post-249","page","type-page","status-publish","has-post-thumbnail","hentry"],"_links":{"self":[{"href":"https:\/\/www.mallorcaprojects.com\/es\/wp-json\/wp\/v2\/pages\/249","targetHints":{"allow":["GET"]}}],"collection":[{"href":"https:\/\/www.mallorcaprojects.com\/es\/wp-json\/wp\/v2\/pages"}],"about":[{"href":"https:\/\/www.mallorcaprojects.com\/es\/wp-json\/wp\/v2\/types\/page"}],"author":[{"embeddable":true,"href":"https:\/\/www.mallorcaprojects.com\/es\/wp-json\/wp\/v2\/users\/1"}],"replies":[{"embeddable":true,"href":"https:\/\/www.mallorcaprojects.com\/es\/wp-json\/wp\/v2\/comments?post=249"}],"version-history":[{"count":0,"href":"https:\/\/www.mallorcaprojects.com\/es\/wp-json\/wp\/v2\/pages\/249\/revisions"}],"wp:featuredmedia":[{"embeddable":true,"href":"https:\/\/www.mallorcaprojects.com\/es\/wp-json\/wp\/v2\/media\/232"}],"wp:attachment":[{"href":"https:\/\/www.mallorcaprojects.com\/es\/wp-json\/wp\/v2\/media?parent=249"}],"curies":[{"name":"wp","href":"https:\/\/api.w.org\/{rel}","templated":true}]}}