{"id":259,"date":"2024-04-19T10:41:25","date_gmt":"2024-04-19T08:41:25","guid":{"rendered":"https:\/\/www.mallorcaprojects.com\/renovaciones\/"},"modified":"2025-04-26T16:52:06","modified_gmt":"2025-04-26T14:52:06","slug":"renovaciones","status":"publish","type":"page","link":"https:\/\/www.mallorcaprojects.com\/es\/renovaciones\/","title":{"rendered":"RENOVACIONES"},"content":{"rendered":"\t\t<div data-elementor-type=\"wp-page\" data-elementor-id=\"259\" class=\"elementor elementor-259 elementor-61\">\n\t\t\t\t<div class=\"elementor-element elementor-element-1e4f7a1b e-flex e-con-boxed e-con e-parent\" data-id=\"1e4f7a1b\" data-element_type=\"container\" data-e-type=\"container\">\n\t\t\t\t\t<div class=\"e-con-inner\">\n\t\t\t\t<div class=\"elementor-element elementor-element-6f867939 elementor-widget elementor-widget-text-editor\" data-id=\"6f867939\" data-element_type=\"widget\" data-e-type=\"widget\" data-widget_type=\"text-editor.default\">\n\t\t\t\t<div class=\"elementor-widget-container\">\n\t\t\t\t\t\t\t\t\t\n<h2 class=\"wp-block-heading\"><span style=\"color: #6be8ec;\">RENOVACIONES<\/span><\/h2>\n<p><span style=\"color: #6be8ec;\">\n\n<\/span><\/p>\n<p><span style=\"color: #6be8ec;\">Mallorca Projects est\u00e1 especializada en la renovaci\u00f3n y rehabilitaci\u00f3n de inmuebles.<\/span><\/p>\n<p><span style=\"color: #6be8ec;\">\n\n<\/span><\/p>\n<p><span style=\"color: #6be8ec;\">Villas costeras, fincas rurales, casas de pueblo, edificios catalogados con elementos tradicionales de la construcci\u00f3n mallorquina. Hasta apartamentos m\u00e1s modestos o amueblamiento de propiedades de inversi\u00f3n, los transformamos todos..<\/span><\/p>\n<p><span style=\"color: #6be8ec;\">\n\n<\/span><\/p>\n<p><span style=\"color: #6be8ec;\">Mallorca Projects ofrece servicios para realizar proyectos completos o parciales, as\u00ed como actualizaciones retrospectivas. Nuestro objetivo es realzar el aspecto general de las propiedades, mejorando su uso final y maximizando el rendimiento de la inversi\u00f3n en el proceso.<\/span><\/p>\n<p><span style=\"color: #6be8ec;\">\n\n<\/span><\/p>\n<p><span style=\"color: #6be8ec;\">Soluciones para una amplia gama de reformas inmobiliarias. Nos esforzamos por escuchar atentamente las instrucciones de nuestros clientes y ofrecerles opciones adecuadas y con precios apropiados.<\/span><\/p>\n\t\t\t\t\t\t\t\t<\/div>\n\t\t\t\t<\/div>\n\t\t\t\t\t<\/div>\n\t\t\t\t<\/div>\n\t\t<div class=\"elementor-element elementor-element-7b307b0 e-flex e-con-boxed e-con e-parent\" data-id=\"7b307b0\" data-element_type=\"container\" data-e-type=\"container\">\n\t\t\t\t\t<div class=\"e-con-inner\">\n\t\t\t\t<div class=\"elementor-element elementor-element-684540f elementor-widget elementor-widget-image-gallery\" data-id=\"684540f\" data-element_type=\"widget\" data-e-type=\"widget\" data-widget_type=\"image-gallery.default\">\n\t\t\t\t<div class=\"elementor-widget-container\">\n\t\t\t\t\t\t\t<div class=\"elementor-image-gallery\">\n\t\t\t<div id='gallery-1' class='gallery galleryid-259 gallery-columns-2 gallery-size-medium_large'><figure class='gallery-item'>\n\t\t\t<div class='gallery-icon portrait'>\n\t\t\t\t<a data-elementor-open-lightbox=\"yes\" data-elementor-lightbox-slideshow=\"684540f\" data-elementor-lightbox-title=\"Renovations 2\" data-elementor-lightbox-description=\"Renovations 2\" data-e-action-hash=\"#elementor-action%3Aaction%3Dlightbox%26settings%3DeyJpZCI6MTg3LCJ1cmwiOiJodHRwczpcL1wvd3d3Lm1hbGxvcmNhcHJvamVjdHMuY29tXC93cC1jb250ZW50XC91cGxvYWRzXC8yMDI0XC8wNFwvUmVub3ZhdGlvbnMtMi5qcGciLCJzbGlkZXNob3ciOiI2ODQ1NDBmIn0%3D\" title=\"Renovations 2\"  href='https:\/\/www.mallorcaprojects.com\/wp-content\/uploads\/2024\/04\/Renovations-2.jpg'><img fetchpriority=\"high\" decoding=\"async\" width=\"480\" height=\"800\" src=\"https:\/\/www.mallorcaprojects.com\/wp-content\/uploads\/2024\/04\/Renovations-2.jpg\" class=\"attachment-medium_large size-medium_large\" alt=\"Renovations 2\" aria-describedby=\"gallery-1-187\" srcset=\"https:\/\/www.mallorcaprojects.com\/wp-content\/uploads\/2024\/04\/Renovations-2.jpg 480w, https:\/\/www.mallorcaprojects.com\/wp-content\/uploads\/2024\/04\/Renovations-2-180x300.jpg 180w, https:\/\/www.mallorcaprojects.com\/wp-content\/uploads\/2024\/04\/Renovations-2-372x620.jpg 372w, https:\/\/www.mallorcaprojects.com\/wp-content\/uploads\/2024\/04\/Renovations-2-390x650.jpg 390w, https:\/\/www.mallorcaprojects.com\/wp-content\/uploads\/2024\/04\/Renovations-2-270x450.jpg 270w\" sizes=\"100vw\" \/><\/a>\n\t\t\t<\/div>\n\t\t\t\t<figcaption class='wp-caption-text gallery-caption' id='gallery-1-187'>\n\t\t\t\tRenovations 2\n\t\t\t\t<\/figcaption><\/figure><figure class='gallery-item'>\n\t\t\t<div class='gallery-icon portrait'>\n\t\t\t\t<a data-elementor-open-lightbox=\"yes\" data-elementor-lightbox-slideshow=\"684540f\" data-elementor-lightbox-title=\"Renovations 1\" data-elementor-lightbox-description=\"Renovations 1\" data-e-action-hash=\"#elementor-action%3Aaction%3Dlightbox%26settings%3DeyJpZCI6MTk5LCJ1cmwiOiJodHRwczpcL1wvd3d3Lm1hbGxvcmNhcHJvamVjdHMuY29tXC93cC1jb250ZW50XC91cGxvYWRzXC8yMDI0XC8wNFwvUmVub3ZhdGlvbnMtMS5qcGciLCJzbGlkZXNob3ciOiI2ODQ1NDBmIn0%3D\" title=\"Renovations 1\"  href='https:\/\/www.mallorcaprojects.com\/wp-content\/uploads\/2024\/04\/Renovations-1.jpg'><img decoding=\"async\" width=\"480\" height=\"800\" data-src=\"https:\/\/www.mallorcaprojects.com\/wp-content\/uploads\/2024\/04\/Renovations-1.jpg\" class=\"attachment-medium_large size-medium_large lazyload\" alt=\"Renovations 1\" aria-describedby=\"gallery-1-199\" data-srcset=\"https:\/\/www.mallorcaprojects.com\/wp-content\/uploads\/2024\/04\/Renovations-1.jpg 480w, https:\/\/www.mallorcaprojects.com\/wp-content\/uploads\/2024\/04\/Renovations-1-180x300.jpg 180w, https:\/\/www.mallorcaprojects.com\/wp-content\/uploads\/2024\/04\/Renovations-1-372x620.jpg 372w, https:\/\/www.mallorcaprojects.com\/wp-content\/uploads\/2024\/04\/Renovations-1-390x650.jpg 390w, https:\/\/www.mallorcaprojects.com\/wp-content\/uploads\/2024\/04\/Renovations-1-270x450.jpg 270w\" data-sizes=\"auto\" src=\"data:image\/svg+xml;base64,PHN2ZyB3aWR0aD0iMSIgaGVpZ2h0PSIxIiB4bWxucz0iaHR0cDovL3d3dy53My5vcmcvMjAwMC9zdmciPjwvc3ZnPg==\" style=\"--smush-placeholder-width: 480px; --smush-placeholder-aspect-ratio: 480\/800;\" data-original-sizes=\"100vw\" \/><\/a>\n\t\t\t<\/div>\n\t\t\t\t<figcaption class='wp-caption-text gallery-caption' id='gallery-1-199'>\n\t\t\t\tRenovations 1\n\t\t\t\t<\/figcaption><\/figure><figure class='gallery-item'>\n\t\t\t<div class='gallery-icon landscape'>\n\t\t\t\t<a data-elementor-open-lightbox=\"yes\" data-elementor-lightbox-slideshow=\"684540f\" data-elementor-lightbox-title=\"Renovations 4\" data-elementor-lightbox-description=\"Renovations 4\" data-e-action-hash=\"#elementor-action%3Aaction%3Dlightbox%26settings%3DeyJpZCI6MTkxLCJ1cmwiOiJodHRwczpcL1wvd3d3Lm1hbGxvcmNhcHJvamVjdHMuY29tXC93cC1jb250ZW50XC91cGxvYWRzXC8yMDI0XC8wNFwvUmVub3ZhdGlvbnMtNC5qcGciLCJzbGlkZXNob3ciOiI2ODQ1NDBmIn0%3D\" title=\"Renovations 4\"  href='https:\/\/www.mallorcaprojects.com\/wp-content\/uploads\/2024\/04\/Renovations-4.jpg'><img decoding=\"async\" width=\"525\" height=\"315\" data-src=\"https:\/\/www.mallorcaprojects.com\/wp-content\/uploads\/2024\/04\/Renovations-4.jpg\" class=\"attachment-medium_large size-medium_large lazyload\" alt=\"Renovations 4\" aria-describedby=\"gallery-1-191\" data-srcset=\"https:\/\/www.mallorcaprojects.com\/wp-content\/uploads\/2024\/04\/Renovations-4.jpg 768w, https:\/\/www.mallorcaprojects.com\/wp-content\/uploads\/2024\/04\/Renovations-4-600x360.jpg 600w, https:\/\/www.mallorcaprojects.com\/wp-content\/uploads\/2024\/04\/Renovations-4-300x180.jpg 300w, https:\/\/www.mallorcaprojects.com\/wp-content\/uploads\/2024\/04\/Renovations-4-400x240.jpg 400w\" data-sizes=\"auto\" src=\"data:image\/svg+xml;base64,PHN2ZyB3aWR0aD0iMSIgaGVpZ2h0PSIxIiB4bWxucz0iaHR0cDovL3d3dy53My5vcmcvMjAwMC9zdmciPjwvc3ZnPg==\" style=\"--smush-placeholder-width: 525px; --smush-placeholder-aspect-ratio: 525\/315;\" data-original-sizes=\"100vw\" \/><\/a>\n\t\t\t<\/div>\n\t\t\t\t<figcaption class='wp-caption-text gallery-caption' id='gallery-1-191'>\n\t\t\t\tRenovations 4\n\t\t\t\t<\/figcaption><\/figure><figure class='gallery-item'>\n\t\t\t<div class='gallery-icon landscape'>\n\t\t\t\t<a data-elementor-open-lightbox=\"yes\" data-elementor-lightbox-slideshow=\"684540f\" data-elementor-lightbox-title=\"Renovations 5\" data-elementor-lightbox-description=\"Renovations 5\" data-e-action-hash=\"#elementor-action%3Aaction%3Dlightbox%26settings%3DeyJpZCI6MTk1LCJ1cmwiOiJodHRwczpcL1wvd3d3Lm1hbGxvcmNhcHJvamVjdHMuY29tXC93cC1jb250ZW50XC91cGxvYWRzXC8yMDI0XC8wNFwvUmVub3ZhdGlvbnMtNS5qcGciLCJzbGlkZXNob3ciOiI2ODQ1NDBmIn0%3D\" title=\"Renovations 5\"  href='https:\/\/www.mallorcaprojects.com\/wp-content\/uploads\/2024\/04\/Renovations-5.jpg'><img decoding=\"async\" width=\"525\" height=\"315\" data-src=\"https:\/\/www.mallorcaprojects.com\/wp-content\/uploads\/2024\/04\/Renovations-5.jpg\" class=\"attachment-medium_large size-medium_large lazyload\" alt=\"Renovations 5\" aria-describedby=\"gallery-1-195\" data-srcset=\"https:\/\/www.mallorcaprojects.com\/wp-content\/uploads\/2024\/04\/Renovations-5.jpg 768w, https:\/\/www.mallorcaprojects.com\/wp-content\/uploads\/2024\/04\/Renovations-5-600x360.jpg 600w, https:\/\/www.mallorcaprojects.com\/wp-content\/uploads\/2024\/04\/Renovations-5-300x180.jpg 300w, https:\/\/www.mallorcaprojects.com\/wp-content\/uploads\/2024\/04\/Renovations-5-400x240.jpg 400w\" data-sizes=\"auto\" src=\"data:image\/svg+xml;base64,PHN2ZyB3aWR0aD0iMSIgaGVpZ2h0PSIxIiB4bWxucz0iaHR0cDovL3d3dy53My5vcmcvMjAwMC9zdmciPjwvc3ZnPg==\" style=\"--smush-placeholder-width: 525px; --smush-placeholder-aspect-ratio: 525\/315;\" data-original-sizes=\"100vw\" \/><\/a>\n\t\t\t<\/div>\n\t\t\t\t<figcaption class='wp-caption-text gallery-caption' id='gallery-1-195'>\n\t\t\t\tRenovations 5\n\t\t\t\t<\/figcaption><\/figure>\n\t\t<\/div>\n\t\t<\/div>\n\t\t\t\t\t\t<\/div>\n\t\t\t\t<\/div>\n\t\t\t\t\t<\/div>\n\t\t\t\t<\/div>\n\t\t\t\t<\/div>\n\t\t","protected":false},"excerpt":{"rendered":"<p>RENOVACIONES Mallorca Projects est\u00e1 especializada en la renovaci\u00f3n y rehabilitaci\u00f3n de inmuebles. Villas costeras, fincas rurales, casas de pueblo, edificios catalogados con elementos tradicionales de la construcci\u00f3n mallorquina. Hasta apartamentos m\u00e1s modestos o amueblamiento de propiedades de inversi\u00f3n, los transformamos todos.. Mallorca Projects ofrece servicios para realizar proyectos completos o parciales, as\u00ed como actualizaciones retrospectivas. &hellip; <\/p>\n<p class=\"link-more\"><a href=\"https:\/\/www.mallorcaprojects.com\/es\/renovaciones\/\" class=\"more-link\">Continuar leyendo<span class=\"screen-reader-text\"> \u00abRENOVACIONES\u00bb<\/span><\/a><\/p>\n","protected":false},"author":1,"featured_media":80,"parent":0,"menu_order":0,"comment_status":"closed","ping_status":"closed","template":"","meta":{"footnotes":""},"class_list":["post-259","page","type-page","status-publish","has-post-thumbnail","hentry"],"_links":{"self":[{"href":"https:\/\/www.mallorcaprojects.com\/es\/wp-json\/wp\/v2\/pages\/259","targetHints":{"allow":["GET"]}}],"collection":[{"href":"https:\/\/www.mallorcaprojects.com\/es\/wp-json\/wp\/v2\/pages"}],"about":[{"href":"https:\/\/www.mallorcaprojects.com\/es\/wp-json\/wp\/v2\/types\/page"}],"author":[{"embeddable":true,"href":"https:\/\/www.mallorcaprojects.com\/es\/wp-json\/wp\/v2\/users\/1"}],"replies":[{"embeddable":true,"href":"https:\/\/www.mallorcaprojects.com\/es\/wp-json\/wp\/v2\/comments?post=259"}],"version-history":[{"count":0,"href":"https:\/\/www.mallorcaprojects.com\/es\/wp-json\/wp\/v2\/pages\/259\/revisions"}],"wp:featuredmedia":[{"embeddable":true,"href":"https:\/\/www.mallorcaprojects.com\/es\/wp-json\/wp\/v2\/media\/80"}],"wp:attachment":[{"href":"https:\/\/www.mallorcaprojects.com\/es\/wp-json\/wp\/v2\/media?parent=259"}],"curies":[{"name":"wp","href":"https:\/\/api.w.org\/{rel}","templated":true}]}}