{"id":263,"date":"2024-04-15T08:48:34","date_gmt":"2024-04-15T06:48:34","guid":{"rendered":"https:\/\/www.mallorcaprojects.com\/servicios\/"},"modified":"2025-04-26T16:53:56","modified_gmt":"2025-04-26T14:53:56","slug":"servicios","status":"publish","type":"page","link":"https:\/\/www.mallorcaprojects.com\/es\/servicios\/","title":{"rendered":"SERVICIOS"},"content":{"rendered":"\r\n<h2 class=\"wp-block-heading\"><span style=\"color: #6be8ec;\"><strong>GESTI\u00d3N DE PROYECTOS<\/strong><\/span><\/h2>\r\n<p><span style=\"color: #6be8ec;\">\r\n\r\n<\/span><\/p>\r\n<p><span style=\"color: #6be8ec;\">Desde la concepci\u00f3n hasta la finalizaci\u00f3n, Mallorca Projects ofrece un servicio llave en mano completo, fiable y comunicativo; entregando proyectos a medida de primera clase a clientes satisfechos en toda la isla.<\/span><\/p>\r\n<p><span style=\"color: #6be8ec;\">\r\n\r\n<\/span><\/p>\r\n<h2 class=\"wp-block-heading\"><span style=\"color: #6be8ec;\"><strong>SERVICIOS DE CONSULTOR\u00cdA<\/strong><\/span><\/h2>\r\n<p>&nbsp;<\/p>\r\n<p><span style=\"color: #6be8ec;\">\r\n\r\n<\/span><\/p>\r\n<p><span style=\"color: #6be8ec;\">Un servicio espec\u00edfico por una tarifa fija. Los clientes pueden realizar consultas sobre una amplia gama de temas para ayudar y ofrecer orientaci\u00f3n sobre todos los aspectos de la construcci\u00f3n y el dise\u00f1o.<\/span><\/p>\r\n<p>&nbsp;<\/p>\r\n<p><span style=\"color: #6be8ec;\">\r\n\r\n<\/span><\/p>\r\n<p><span style=\"color: #6be8ec;\">&#8211; <strong>Fuente y paquete de dise\u00f1o;<\/strong> proponer la distribuci\u00f3n, los materiales, los acabados y los proveedores adecuados para un proyecto con un an\u00e1lisis de costes.<\/span><\/p>\r\n<p>&nbsp;<\/p>\r\n<p><span style=\"color: #6be8ec;\">\r\n\r\n<\/span><\/p>\r\n<p><span style=\"color: #6be8ec;\">&#8211; <strong>Traducci\u00f3n <\/strong>de presupuestos y facturas de constructores y comerciantes<\/span><\/p>\r\n<p>&nbsp;<\/p>\r\n<p><span style=\"color: #6be8ec;\">\r\n\r\n<\/span><\/p>\r\n<p><br \/><span style=\"color: #6be8ec;\">&#8211; Transformaciones de <strong>habitaciones individuales<\/strong>: cocinas y ba\u00f1os, exteriores<\/span><br \/><span style=\"color: #6be8ec;\">cocinas y comedores, patios, pavimentos, puertas y vallas.<\/span><\/p>\r\n<p>&nbsp;<\/p>\r\n<p><span style=\"color: #6be8ec;\">\r\n\r\n<\/span><\/p>\r\n<p><br \/><span style=\"color: #6be8ec;\">&#8211; <strong>Mejora de la iluminaci\u00f3n<\/strong>, adici\u00f3n de claraboyas, ventilaci\u00f3n o colocaci\u00f3n de mosquiteras en las ventanas existentes.<\/span><\/p>\r\n<p>&nbsp;<\/p>\r\n<p><span style=\"color: #6be8ec;\">\r\n\r\n<\/span><\/p>\r\n<p><br \/><span style=\"color: #6be8ec;\">&#8211; <strong>Utilidades y servicios<\/strong>: aire acondicionado, enchufes adicionales, inspecciones el\u00e9ctricas, certificados energ\u00e9ticos, instalaciones de gas, actualizaciones del suministro el\u00e9ctrico y papeleo.<\/span><\/p>\r\n<p>&nbsp;<\/p>\r\n<p><span style=\"color: #6be8ec;\">\r\n\r\n<\/span><\/p>\r\n<p><br \/><span style=\"color: #6be8ec;\">&#8211; <strong>Reparaciones<\/strong>, mantenimiento y servicios inmobiliarios generales; sustituci\u00f3n de calentadores de agua, grifos rotos o cristales de ventanas; el servicio inmobiliario menos glamuroso pero m\u00e1s esencial, a menudo dif\u00edcil de encontrar.<\/span><\/p>\r\n<p>&nbsp;<\/p>\r\n<p><span style=\"color: #6be8ec;\">\r\n\r\n<\/span><\/p>\r\n<p><br \/><span style=\"color: #6be8ec;\">&#8211; <strong>Amueblamiento <\/strong>y equipamiento de viviendas, encargos en la calle o a medida, carpinteros y tapiceros locales.<\/span><\/p>\r\n<p>&nbsp;<\/p>\r\n<p><span style=\"color: #6be8ec;\">\r\n\r\n<\/span><\/p>\r\n<p><br \/><span style=\"color: #6be8ec;\">&#8211; Encargos <strong>a medida<\/strong> en madera, cristal, hierro o piedra a artesanos y comerciantes locales.<\/span><\/p>\r\n<p>&nbsp;<\/p>\r\n<p><span style=\"color: #6be8ec;\">\r\n\r\n<\/span><\/p>\r\n<p><span style=\"color: #6be8ec;\">&#8211; Las <strong>cuestiones espec\u00edficas de planificaci\u00f3n<\/strong>, que pueden afectar a un proyecto o a la compra de una propiedad, pueden aclararse con expertos locales antes de realizar las compras. Ofreciendo claridad y tranquilidad..<\/span><\/p>\r\n<p>&nbsp;<\/p>\r\n<p><span style=\"color: #6be8ec;\">\r\n\r\n<\/span><\/p>\r\n<p><span style=\"color: #6be8ec;\">&#8211;<strong> Establecer los costes<\/strong> de llevar los servicios p\u00fablicos a una parcela vac\u00eda, electricidad, agua, alcantarillado. Mejoras el\u00e9ctricas, para contratar un mayor suministro de energ\u00eda a tu propiedad. Conexi\u00f3n a las redes municipales de alcantarillado.<\/span><\/p>\r\n","protected":false},"excerpt":{"rendered":"<p>GESTI\u00d3N DE PROYECTOS Desde la concepci\u00f3n hasta la finalizaci\u00f3n, Mallorca Projects ofrece un servicio llave en mano completo, fiable y comunicativo; entregando proyectos a medida de primera clase a clientes satisfechos en toda la isla. SERVICIOS DE CONSULTOR\u00cdA &nbsp; Un servicio espec\u00edfico por una tarifa fija. Los clientes pueden realizar consultas sobre una amplia gama &hellip; <\/p>\n<p class=\"link-more\"><a href=\"https:\/\/www.mallorcaprojects.com\/es\/servicios\/\" class=\"more-link\">Continuar leyendo<span class=\"screen-reader-text\"> \u00abSERVICIOS\u00bb<\/span><\/a><\/p>\n","protected":false},"author":1,"featured_media":228,"parent":0,"menu_order":0,"comment_status":"closed","ping_status":"closed","template":"","meta":{"footnotes":""},"class_list":["post-263","page","type-page","status-publish","has-post-thumbnail","hentry"],"_links":{"self":[{"href":"https:\/\/www.mallorcaprojects.com\/es\/wp-json\/wp\/v2\/pages\/263","targetHints":{"allow":["GET"]}}],"collection":[{"href":"https:\/\/www.mallorcaprojects.com\/es\/wp-json\/wp\/v2\/pages"}],"about":[{"href":"https:\/\/www.mallorcaprojects.com\/es\/wp-json\/wp\/v2\/types\/page"}],"author":[{"embeddable":true,"href":"https:\/\/www.mallorcaprojects.com\/es\/wp-json\/wp\/v2\/users\/1"}],"replies":[{"embeddable":true,"href":"https:\/\/www.mallorcaprojects.com\/es\/wp-json\/wp\/v2\/comments?post=263"}],"version-history":[{"count":0,"href":"https:\/\/www.mallorcaprojects.com\/es\/wp-json\/wp\/v2\/pages\/263\/revisions"}],"wp:featuredmedia":[{"embeddable":true,"href":"https:\/\/www.mallorcaprojects.com\/es\/wp-json\/wp\/v2\/media\/228"}],"wp:attachment":[{"href":"https:\/\/www.mallorcaprojects.com\/es\/wp-json\/wp\/v2\/media?parent=263"}],"curies":[{"name":"wp","href":"https:\/\/api.w.org\/{rel}","templated":true}]}}