{"id":1241,"date":"2024-04-19T10:05:51","date_gmt":"2024-04-19T08:05:51","guid":{"rendered":"https:\/\/www.mallorcaprojects.com\/hem\/"},"modified":"2025-04-26T16:47:08","modified_gmt":"2025-04-26T14:47:08","slug":"hem","status":"publish","type":"page","link":"https:\/\/www.mallorcaprojects.com\/sv\/","title":{"rendered":"HEM"},"content":{"rendered":"\t\t<div data-elementor-type=\"wp-page\" data-elementor-id=\"1241\" class=\"elementor elementor-1241 elementor-19\">\n\t\t\t\t<div class=\"elementor-element elementor-element-2c500fb e-flex e-con-boxed e-con e-parent\" data-id=\"2c500fb\" data-element_type=\"container\" data-e-type=\"container\">\n\t\t\t\t\t<div class=\"e-con-inner\">\n\t\t\t\t<div class=\"elementor-element elementor-element-98f8364 elementor-widget elementor-widget-heading\" data-id=\"98f8364\" data-element_type=\"widget\" data-e-type=\"widget\" data-widget_type=\"heading.default\">\n\t\t\t\t<div class=\"elementor-widget-container\">\n\t\t\t\t\t<h1 class=\"elementor-heading-title elementor-size-default\">PROFESSIONELLA PROJEKTLEDNINGSTJ\u00c4NSTER<\/h1>\t\t\t\t<\/div>\n\t\t\t\t<\/div>\n\t\t\t\t\t<\/div>\n\t\t\t\t<\/div>\n\t\t<div class=\"elementor-element elementor-element-4d18e30 e-flex e-con-boxed e-con e-parent\" data-id=\"4d18e30\" data-element_type=\"container\" data-e-type=\"container\">\n\t\t\t\t\t<div class=\"e-con-inner\">\n\t\t\t\t<div class=\"elementor-element elementor-element-27ea53b elementor-widget elementor-widget-text-editor\" data-id=\"27ea53b\" data-element_type=\"widget\" data-e-type=\"widget\" data-widget_type=\"text-editor.default\">\n\t\t\t\t<div class=\"elementor-widget-container\">\n\t\t\t\t\t\t\t\t\t<p class=\"has-text-color\"><span style=\"color: #b6e8ec;\">Mallorca Projects kombinerar en m\u00e4ngd praktisk erfarenhet, lokal k\u00e4nnedom och stor kommunikationsf\u00f6rm\u00e5ga f\u00f6r att skapa och leverera ett brett utbud av unika projekt.<\/span><\/p>\n<p class=\"has-text-color\"><span style=\"color: #b6e8ec;\">Genom att lyssna noga p\u00e5 v\u00e5ra kunder redan fr\u00e5n b\u00f6rjan kan vi forma deras vision och erbjuda l\u00e4mpliga konstruktioner, material och arbeten f\u00f6r en l\u00e4mplig budget.<\/span><\/p>\n<p class=\"has-text-color\"><span style=\"color: #b6e8ec;\">Kontakta Suzanne Pardoe f\u00f6r ett kostnadsfritt f\u00f6rsta m\u00f6te, d\u00e4r vi kan diskutera dina individuella id\u00e9er och krav ytterligare.<\/span><\/p>\n\t\t\t\t\t\t\t\t<\/div>\n\t\t\t\t<\/div>\n\t\t\t\t\t<\/div>\n\t\t\t\t<\/div>\n\t\t<div class=\"elementor-element elementor-element-c39009f e-flex e-con-boxed e-con e-parent\" data-id=\"c39009f\" data-element_type=\"container\" data-e-type=\"container\">\n\t\t\t\t\t<div class=\"e-con-inner\">\n\t\t\t\t<div class=\"elementor-element elementor-element-7c8975f elementor-widget elementor-widget-image\" data-id=\"7c8975f\" data-element_type=\"widget\" data-e-type=\"widget\" data-widget_type=\"image.default\">\n\t\t\t\t<div class=\"elementor-widget-container\">\n\t\t\t\t\t\t\t\t\t\t\t\t\t\t\t<img decoding=\"async\" width=\"90\" height=\"109\" data-src=\"https:\/\/www.mallorcaprojects.com\/wp-content\/uploads\/2024\/04\/cropped-Mallorca-Projects-Logo-e1713528879459.png\" class=\"attachment-medium size-medium wp-image-28 lazyload\" alt=\"cropped Mallorca Projects Logo e1713528879459\" data-sizes=\"100vw\" src=\"data:image\/svg+xml;base64,PHN2ZyB3aWR0aD0iMSIgaGVpZ2h0PSIxIiB4bWxucz0iaHR0cDovL3d3dy53My5vcmcvMjAwMC9zdmciPjwvc3ZnPg==\" style=\"--smush-placeholder-width: 90px; --smush-placeholder-aspect-ratio: 90\/109;\" \/>\t\t\t\t\t\t\t\t\t\t\t\t\t\t\t<\/div>\n\t\t\t\t<\/div>\n\t\t\t\t\t<\/div>\n\t\t\t\t<\/div>\n\t\t\t\t<\/div>\n\t\t","protected":false},"excerpt":{"rendered":"<p>PROFESSIONELLA PROJEKTLEDNINGSTJ\u00c4NSTER Mallorca Projects kombinerar en m\u00e4ngd praktisk erfarenhet, lokal k\u00e4nnedom och stor kommunikationsf\u00f6rm\u00e5ga f\u00f6r att skapa och leverera ett brett utbud av unika projekt. Genom att lyssna noga p\u00e5 v\u00e5ra kunder redan fr\u00e5n b\u00f6rjan kan vi forma deras vision och erbjuda l\u00e4mpliga konstruktioner, material och arbeten f\u00f6r en l\u00e4mplig budget. Kontakta Suzanne Pardoe f\u00f6r &hellip; <\/p>\n<p class=\"link-more\"><a href=\"https:\/\/www.mallorcaprojects.com\/sv\/\" class=\"more-link\">Forts\u00e4tt l\u00e4sa<span class=\"screen-reader-text\"> \u201dHEM\u201d<\/span><\/a><\/p>\n","protected":false},"author":1,"featured_media":233,"parent":0,"menu_order":0,"comment_status":"closed","ping_status":"closed","template":"","meta":{"footnotes":""},"class_list":["post-1241","page","type-page","status-publish","has-post-thumbnail","hentry"],"_links":{"self":[{"href":"https:\/\/www.mallorcaprojects.com\/sv\/wp-json\/wp\/v2\/pages\/1241","targetHints":{"allow":["GET"]}}],"collection":[{"href":"https:\/\/www.mallorcaprojects.com\/sv\/wp-json\/wp\/v2\/pages"}],"about":[{"href":"https:\/\/www.mallorcaprojects.com\/sv\/wp-json\/wp\/v2\/types\/page"}],"author":[{"embeddable":true,"href":"https:\/\/www.mallorcaprojects.com\/sv\/wp-json\/wp\/v2\/users\/1"}],"replies":[{"embeddable":true,"href":"https:\/\/www.mallorcaprojects.com\/sv\/wp-json\/wp\/v2\/comments?post=1241"}],"version-history":[{"count":0,"href":"https:\/\/www.mallorcaprojects.com\/sv\/wp-json\/wp\/v2\/pages\/1241\/revisions"}],"wp:featuredmedia":[{"embeddable":true,"href":"https:\/\/www.mallorcaprojects.com\/sv\/wp-json\/wp\/v2\/media\/233"}],"wp:attachment":[{"href":"https:\/\/www.mallorcaprojects.com\/sv\/wp-json\/wp\/v2\/media?parent=1241"}],"curies":[{"name":"wp","href":"https:\/\/api.w.org\/{rel}","templated":true}]}}