{"id":1335,"date":"2024-04-19T10:41:25","date_gmt":"2024-04-19T08:41:25","guid":{"rendered":"https:\/\/www.mallorcaprojects.com\/renoveringar\/"},"modified":"2025-04-26T16:52:28","modified_gmt":"2025-04-26T14:52:28","slug":"renoveringar","status":"publish","type":"page","link":"https:\/\/www.mallorcaprojects.com\/sv\/renoveringar\/","title":{"rendered":"RENOVERINGAR"},"content":{"rendered":"\t\t<div data-elementor-type=\"wp-page\" data-elementor-id=\"1335\" class=\"elementor elementor-1335 elementor-61\">\n\t\t\t\t<div class=\"elementor-element elementor-element-1e4f7a1b e-flex e-con-boxed e-con e-parent\" data-id=\"1e4f7a1b\" data-element_type=\"container\" data-e-type=\"container\">\n\t\t\t\t\t<div class=\"e-con-inner\">\n\t\t\t\t<div class=\"elementor-element elementor-element-6f867939 elementor-widget elementor-widget-text-editor\" data-id=\"6f867939\" data-element_type=\"widget\" data-e-type=\"widget\" data-widget_type=\"text-editor.default\">\n\t\t\t\t<div class=\"elementor-widget-container\">\n\t\t\t\t\t\t\t\t\t\n<h2 class=\"wp-block-heading\"><span style=\"color: #6be8ec;\">RENOVERINGAR<\/span><\/h2>\n<p><span style=\"color: #6be8ec;\">\n\n<\/span><\/p>\n<p><span style=\"color: #6be8ec;\">Mallorca Projects \u00e4r specialiserade p\u00e5 renovering och ombyggnad av fastigheter.<\/span><\/p>\n<p><span style=\"color: #6be8ec;\">\n\n<\/span><\/p>\n<p><span style=\"color: #6be8ec;\">Kustvillor, lantliga fincas, byhus, kulturminnesm\u00e4rkta byggnader med traditionella inslag av mallorquinskt byggande. Till mer blygsamma l\u00e4genheter eller inredning av f\u00f6rvaltningsfastigheter, vi f\u00f6rvandlar dem alla.<\/span><\/p>\n<p><span style=\"color: #6be8ec;\">\n\n<\/span><\/p>\n<p><span style=\"color: #6be8ec;\">Mallorca Projects erbjuder tj\u00e4nster f\u00f6r att m\u00f6jligg\u00f6ra hela eller delar av projekt samt uppgraderingar i efterhand. V\u00e5rt m\u00e5l \u00e4r att f\u00f6rb\u00e4ttra fastigheternas \u00f6vergripande utseende, f\u00f6rb\u00e4ttra slutanv\u00e4ndningen och maximera avkastningen p\u00e5 investeringarna i processen.<\/span><\/p>\n<p><span style=\"color: #6be8ec;\">\n\n<\/span><\/p>\n<p><span style=\"color: #6be8ec;\">L\u00f6sningar f\u00f6r en m\u00e4ngd olika typer av fastighetsrenoveringar. Vi \u00e4r noga med att lyssna noga p\u00e5 v\u00e5ra kunders \u00f6nskem\u00e5l och erbjuda l\u00e4mpliga alternativ till r\u00e4tt pris.<\/span><\/p>\n\t\t\t\t\t\t\t\t<\/div>\n\t\t\t\t<\/div>\n\t\t\t\t\t<\/div>\n\t\t\t\t<\/div>\n\t\t<div class=\"elementor-element elementor-element-7b307b0 e-flex e-con-boxed e-con e-parent\" data-id=\"7b307b0\" data-element_type=\"container\" data-e-type=\"container\">\n\t\t\t\t\t<div class=\"e-con-inner\">\n\t\t\t\t<div class=\"elementor-element elementor-element-684540f elementor-widget elementor-widget-image-gallery\" data-id=\"684540f\" data-element_type=\"widget\" data-e-type=\"widget\" data-widget_type=\"image-gallery.default\">\n\t\t\t\t<div class=\"elementor-widget-container\">\n\t\t\t\t\t\t\t<div class=\"elementor-image-gallery\">\n\t\t\t<div id='gallery-1' class='gallery galleryid-1335 gallery-columns-2 gallery-size-medium_large'><figure class='gallery-item'>\n\t\t\t<div class='gallery-icon portrait'>\n\t\t\t\t<a data-elementor-open-lightbox=\"yes\" data-elementor-lightbox-slideshow=\"684540f\" data-elementor-lightbox-title=\"Renovations 2\" data-elementor-lightbox-description=\"Renovations 2\" data-e-action-hash=\"#elementor-action%3Aaction%3Dlightbox%26settings%3DeyJpZCI6MTg4LCJ1cmwiOiJodHRwczpcL1wvd3d3Lm1hbGxvcmNhcHJvamVjdHMuY29tXC93cC1jb250ZW50XC91cGxvYWRzXC8yMDI0XC8wNFwvUmVub3ZhdGlvbnMtMi5qcGciLCJzbGlkZXNob3ciOiI2ODQ1NDBmIn0%3D\" title=\"Renovations 2\"  href='https:\/\/www.mallorcaprojects.com\/wp-content\/uploads\/2024\/04\/Renovations-2.jpg'><img fetchpriority=\"high\" decoding=\"async\" width=\"480\" height=\"800\" src=\"https:\/\/www.mallorcaprojects.com\/wp-content\/uploads\/2024\/04\/Renovations-2.jpg\" class=\"attachment-medium_large size-medium_large\" alt=\"Renovations 2\" aria-describedby=\"gallery-1-188\" srcset=\"https:\/\/www.mallorcaprojects.com\/wp-content\/uploads\/2024\/04\/Renovations-2.jpg 480w, https:\/\/www.mallorcaprojects.com\/wp-content\/uploads\/2024\/04\/Renovations-2-180x300.jpg 180w, https:\/\/www.mallorcaprojects.com\/wp-content\/uploads\/2024\/04\/Renovations-2-372x620.jpg 372w, https:\/\/www.mallorcaprojects.com\/wp-content\/uploads\/2024\/04\/Renovations-2-390x650.jpg 390w, https:\/\/www.mallorcaprojects.com\/wp-content\/uploads\/2024\/04\/Renovations-2-270x450.jpg 270w\" sizes=\"100vw\" \/><\/a>\n\t\t\t<\/div>\n\t\t\t\t<figcaption class='wp-caption-text gallery-caption' id='gallery-1-188'>\n\t\t\t\tRenovations 2\n\t\t\t\t<\/figcaption><\/figure><figure class='gallery-item'>\n\t\t\t<div class='gallery-icon portrait'>\n\t\t\t\t<a data-elementor-open-lightbox=\"yes\" data-elementor-lightbox-slideshow=\"684540f\" data-elementor-lightbox-title=\"Renovations 1\" data-elementor-lightbox-description=\"Renovations 1\" data-e-action-hash=\"#elementor-action%3Aaction%3Dlightbox%26settings%3DeyJpZCI6MjAwLCJ1cmwiOiJodHRwczpcL1wvd3d3Lm1hbGxvcmNhcHJvamVjdHMuY29tXC93cC1jb250ZW50XC91cGxvYWRzXC8yMDI0XC8wNFwvUmVub3ZhdGlvbnMtMS5qcGciLCJzbGlkZXNob3ciOiI2ODQ1NDBmIn0%3D\" title=\"Renovations 1\"  href='https:\/\/www.mallorcaprojects.com\/wp-content\/uploads\/2024\/04\/Renovations-1.jpg'><img decoding=\"async\" width=\"480\" height=\"800\" data-src=\"https:\/\/www.mallorcaprojects.com\/wp-content\/uploads\/2024\/04\/Renovations-1.jpg\" class=\"attachment-medium_large size-medium_large lazyload\" alt=\"Renovations 1\" aria-describedby=\"gallery-1-200\" data-srcset=\"https:\/\/www.mallorcaprojects.com\/wp-content\/uploads\/2024\/04\/Renovations-1.jpg 480w, https:\/\/www.mallorcaprojects.com\/wp-content\/uploads\/2024\/04\/Renovations-1-180x300.jpg 180w, https:\/\/www.mallorcaprojects.com\/wp-content\/uploads\/2024\/04\/Renovations-1-372x620.jpg 372w, https:\/\/www.mallorcaprojects.com\/wp-content\/uploads\/2024\/04\/Renovations-1-390x650.jpg 390w, https:\/\/www.mallorcaprojects.com\/wp-content\/uploads\/2024\/04\/Renovations-1-270x450.jpg 270w\" data-sizes=\"auto\" src=\"data:image\/svg+xml;base64,PHN2ZyB3aWR0aD0iMSIgaGVpZ2h0PSIxIiB4bWxucz0iaHR0cDovL3d3dy53My5vcmcvMjAwMC9zdmciPjwvc3ZnPg==\" style=\"--smush-placeholder-width: 480px; --smush-placeholder-aspect-ratio: 480\/800;\" data-original-sizes=\"100vw\" \/><\/a>\n\t\t\t<\/div>\n\t\t\t\t<figcaption class='wp-caption-text gallery-caption' id='gallery-1-200'>\n\t\t\t\tRenovations 1\n\t\t\t\t<\/figcaption><\/figure><figure class='gallery-item'>\n\t\t\t<div class='gallery-icon landscape'>\n\t\t\t\t<a data-elementor-open-lightbox=\"yes\" data-elementor-lightbox-slideshow=\"684540f\" data-elementor-lightbox-title=\"Renovations 4\" data-elementor-lightbox-description=\"Renovations 4\" data-e-action-hash=\"#elementor-action%3Aaction%3Dlightbox%26settings%3DeyJpZCI6MTkyLCJ1cmwiOiJodHRwczpcL1wvd3d3Lm1hbGxvcmNhcHJvamVjdHMuY29tXC93cC1jb250ZW50XC91cGxvYWRzXC8yMDI0XC8wNFwvUmVub3ZhdGlvbnMtNC5qcGciLCJzbGlkZXNob3ciOiI2ODQ1NDBmIn0%3D\" title=\"Renovations 4\"  href='https:\/\/www.mallorcaprojects.com\/wp-content\/uploads\/2024\/04\/Renovations-4.jpg'><img decoding=\"async\" width=\"525\" height=\"315\" data-src=\"https:\/\/www.mallorcaprojects.com\/wp-content\/uploads\/2024\/04\/Renovations-4.jpg\" class=\"attachment-medium_large size-medium_large lazyload\" alt=\"Renovations 4\" aria-describedby=\"gallery-1-192\" data-srcset=\"https:\/\/www.mallorcaprojects.com\/wp-content\/uploads\/2024\/04\/Renovations-4.jpg 768w, https:\/\/www.mallorcaprojects.com\/wp-content\/uploads\/2024\/04\/Renovations-4-600x360.jpg 600w, https:\/\/www.mallorcaprojects.com\/wp-content\/uploads\/2024\/04\/Renovations-4-300x180.jpg 300w, https:\/\/www.mallorcaprojects.com\/wp-content\/uploads\/2024\/04\/Renovations-4-400x240.jpg 400w\" data-sizes=\"auto\" src=\"data:image\/svg+xml;base64,PHN2ZyB3aWR0aD0iMSIgaGVpZ2h0PSIxIiB4bWxucz0iaHR0cDovL3d3dy53My5vcmcvMjAwMC9zdmciPjwvc3ZnPg==\" style=\"--smush-placeholder-width: 525px; --smush-placeholder-aspect-ratio: 525\/315;\" data-original-sizes=\"100vw\" \/><\/a>\n\t\t\t<\/div>\n\t\t\t\t<figcaption class='wp-caption-text gallery-caption' id='gallery-1-192'>\n\t\t\t\tRenovations 4\n\t\t\t\t<\/figcaption><\/figure><figure class='gallery-item'>\n\t\t\t<div class='gallery-icon landscape'>\n\t\t\t\t<a data-elementor-open-lightbox=\"yes\" data-elementor-lightbox-slideshow=\"684540f\" data-elementor-lightbox-title=\"Renovations 5\" data-elementor-lightbox-description=\"Renovations 5\" data-e-action-hash=\"#elementor-action%3Aaction%3Dlightbox%26settings%3DeyJpZCI6MTk2LCJ1cmwiOiJodHRwczpcL1wvd3d3Lm1hbGxvcmNhcHJvamVjdHMuY29tXC93cC1jb250ZW50XC91cGxvYWRzXC8yMDI0XC8wNFwvUmVub3ZhdGlvbnMtNS5qcGciLCJzbGlkZXNob3ciOiI2ODQ1NDBmIn0%3D\" title=\"Renovations 5\"  href='https:\/\/www.mallorcaprojects.com\/wp-content\/uploads\/2024\/04\/Renovations-5.jpg'><img decoding=\"async\" width=\"525\" height=\"315\" data-src=\"https:\/\/www.mallorcaprojects.com\/wp-content\/uploads\/2024\/04\/Renovations-5.jpg\" class=\"attachment-medium_large size-medium_large lazyload\" alt=\"Renovations 5\" aria-describedby=\"gallery-1-196\" data-srcset=\"https:\/\/www.mallorcaprojects.com\/wp-content\/uploads\/2024\/04\/Renovations-5.jpg 768w, https:\/\/www.mallorcaprojects.com\/wp-content\/uploads\/2024\/04\/Renovations-5-600x360.jpg 600w, https:\/\/www.mallorcaprojects.com\/wp-content\/uploads\/2024\/04\/Renovations-5-300x180.jpg 300w, https:\/\/www.mallorcaprojects.com\/wp-content\/uploads\/2024\/04\/Renovations-5-400x240.jpg 400w\" data-sizes=\"auto\" src=\"data:image\/svg+xml;base64,PHN2ZyB3aWR0aD0iMSIgaGVpZ2h0PSIxIiB4bWxucz0iaHR0cDovL3d3dy53My5vcmcvMjAwMC9zdmciPjwvc3ZnPg==\" style=\"--smush-placeholder-width: 525px; --smush-placeholder-aspect-ratio: 525\/315;\" data-original-sizes=\"100vw\" \/><\/a>\n\t\t\t<\/div>\n\t\t\t\t<figcaption class='wp-caption-text gallery-caption' id='gallery-1-196'>\n\t\t\t\tRenovations 5\n\t\t\t\t<\/figcaption><\/figure>\n\t\t<\/div>\n\t\t<\/div>\n\t\t\t\t\t\t<\/div>\n\t\t\t\t<\/div>\n\t\t\t\t\t<\/div>\n\t\t\t\t<\/div>\n\t\t\t\t<\/div>\n\t\t","protected":false},"excerpt":{"rendered":"<p>RENOVERINGAR Mallorca Projects \u00e4r specialiserade p\u00e5 renovering och ombyggnad av fastigheter. Kustvillor, lantliga fincas, byhus, kulturminnesm\u00e4rkta byggnader med traditionella inslag av mallorquinskt byggande. Till mer blygsamma l\u00e4genheter eller inredning av f\u00f6rvaltningsfastigheter, vi f\u00f6rvandlar dem alla. Mallorca Projects erbjuder tj\u00e4nster f\u00f6r att m\u00f6jligg\u00f6ra hela eller delar av projekt samt uppgraderingar i efterhand. V\u00e5rt m\u00e5l \u00e4r att &hellip; <\/p>\n<p class=\"link-more\"><a href=\"https:\/\/www.mallorcaprojects.com\/sv\/renoveringar\/\" class=\"more-link\">Forts\u00e4tt l\u00e4sa<span class=\"screen-reader-text\"> \u201dRENOVERINGAR\u201d<\/span><\/a><\/p>\n","protected":false},"author":1,"featured_media":81,"parent":0,"menu_order":0,"comment_status":"closed","ping_status":"closed","template":"","meta":{"footnotes":""},"class_list":["post-1335","page","type-page","status-publish","has-post-thumbnail","hentry"],"_links":{"self":[{"href":"https:\/\/www.mallorcaprojects.com\/sv\/wp-json\/wp\/v2\/pages\/1335","targetHints":{"allow":["GET"]}}],"collection":[{"href":"https:\/\/www.mallorcaprojects.com\/sv\/wp-json\/wp\/v2\/pages"}],"about":[{"href":"https:\/\/www.mallorcaprojects.com\/sv\/wp-json\/wp\/v2\/types\/page"}],"author":[{"embeddable":true,"href":"https:\/\/www.mallorcaprojects.com\/sv\/wp-json\/wp\/v2\/users\/1"}],"replies":[{"embeddable":true,"href":"https:\/\/www.mallorcaprojects.com\/sv\/wp-json\/wp\/v2\/comments?post=1335"}],"version-history":[{"count":0,"href":"https:\/\/www.mallorcaprojects.com\/sv\/wp-json\/wp\/v2\/pages\/1335\/revisions"}],"wp:featuredmedia":[{"embeddable":true,"href":"https:\/\/www.mallorcaprojects.com\/sv\/wp-json\/wp\/v2\/media\/81"}],"wp:attachment":[{"href":"https:\/\/www.mallorcaprojects.com\/sv\/wp-json\/wp\/v2\/media?parent=1335"}],"curies":[{"name":"wp","href":"https:\/\/api.w.org\/{rel}","templated":true}]}}