{"id":1336,"date":"2024-04-15T08:48:34","date_gmt":"2024-04-15T06:48:34","guid":{"rendered":"https:\/\/www.mallorcaprojects.com\/tjanster\/"},"modified":"2025-04-26T16:54:24","modified_gmt":"2025-04-26T14:54:24","slug":"tjanster","status":"publish","type":"page","link":"https:\/\/www.mallorcaprojects.com\/sv\/tjanster\/","title":{"rendered":"TJ\u00c4NSTER"},"content":{"rendered":"\r\n<h2 class=\"wp-block-heading\"><span style=\"color: #6be8ec;\"><strong>PROJEKTLEDNING<\/strong><\/span><\/h2>\r\n<p>&nbsp;<\/p>\r\n\r\n\r\n\r\n<p><span style=\"color: #6be8ec;\">Fr\u00e5n id\u00e9 till f\u00e4rdigst\u00e4llande erbjuder Mallorca Projects en omfattande, p\u00e5litlig och kommunikativ nyckelf\u00e4rdig tj\u00e4nst som levererar f\u00f6rstklassiga skr\u00e4ddarsydda projekt till n\u00f6jda kunder \u00f6ver hela \u00f6n.<\/span><\/p>\r\n<p>&nbsp;<\/p>\r\n\r\n\r\n\r\n<h2 class=\"wp-block-heading\"><span style=\"color: #6be8ec;\"><strong>KONSULTTJ\u00c4NSTER<\/strong><\/span><\/h2>\r\n<p>&nbsp;<\/p>\r\n\r\n\r\n\r\n<p><span style=\"color: #6be8ec;\">En specifik riktad tj\u00e4nst till en fast avgift. Kunderna kan konsultera inom ett brett spektrum av \u00e4mnen f\u00f6r att f\u00e5 hj\u00e4lp och v\u00e4gledning inom alla aspekter av byggande och design.<\/span><\/p>\r\n<p>&nbsp;<\/p>\r\n\r\n\r\n\r\n<p><span style=\"color: #6be8ec;\">&#8211; <strong>K\u00e4lla och designpaket;<\/strong> att f\u00f6resl\u00e5 l\u00e4mplig layout, material, ytbehandlingar och leverant\u00f6rer f\u00f6r ett projekt med en kostnadsanalys.<\/span><\/p>\r\n<p>&nbsp;<\/p>\r\n\r\n\r\n\r\n<p><span style=\"color: #6be8ec;\">&#8211; <strong>\u00d6vers\u00e4ttning <\/strong>av offerter och fakturor fr\u00e5n bygg- och hantverksf\u00f6retag<\/span><\/p>\r\n<p>&nbsp;<\/p>\r\n\r\n\r\n\r\n<p><br \/><span style=\"color: #6be8ec;\">&#8211; <strong>Individuella rumsf\u00f6rvandlingar<\/strong> &#8211; k\u00f6k och badrum, utomhus<\/span><br \/><span style=\"color: #6be8ec;\">k\u00f6k och matplatser, uteplatser, stenl\u00e4ggning, grindar och staket.<\/span><\/p>\r\n<p>&nbsp;<\/p>\r\n\r\n\r\n\r\n<p><br \/><span style=\"color: #6be8ec;\">&#8211; <strong>F\u00f6rb\u00e4ttrad belysning<\/strong>, till\u00e4gg av takf\u00f6nster, ventilation eller myggn\u00e4t i befintliga f\u00f6nster.<\/span><\/p>\r\n<p>&nbsp;<\/p>\r\n\r\n\r\n\r\n<p><br \/><span style=\"color: #6be8ec;\">&#8211; <strong>Verktyg och tj\u00e4nster<\/strong> &#8211; luftkonditionering, extra uttag, elektriska inspektioner, energicertifikat, gasinstallationer, uppgraderingar av str\u00f6mf\u00f6rs\u00f6rjningen och pappersarbete.<\/span><\/p>\r\n<p>&nbsp;<\/p>\r\n\r\n\r\n\r\n<p><br \/><span style=\"color: #6be8ec;\">&#8211; <strong>Reparationer<\/strong>, underh\u00e5ll och allm\u00e4n fastighetsservice; byte av varmvattenberedare, trasiga kranar eller f\u00f6nsterrutor; den minst glamor\u00f6sa men mest n\u00f6dv\u00e4ndiga fastighetsservicen, ofta sv\u00e5r att hitta.<\/span><\/p>\r\n<p>&nbsp;<\/p>\r\n\r\n\r\n\r\n<p><br \/><span style=\"color: #6be8ec;\">&#8211; <strong>M\u00f6blering <\/strong>och utrustning av fastigheter, best\u00e4llningar fr\u00e5n high street eller skr\u00e4ddarsydda best\u00e4llningar, lokala snickare och tapetserare.<\/span><\/p>\r\n<p>&nbsp;<\/p>\r\n\r\n\r\n\r\n<p><br \/><span style=\"color: #6be8ec;\">&#8211; <strong>Skr\u00e4ddarsydda<\/strong> best\u00e4llningar i tr\u00e4, glas, j\u00e4rn eller sten fr\u00e5n lokala hantverkare och handlare.<\/span><\/p>\r\n<p>&nbsp;<\/p>\r\n\r\n\r\n\r\n<p><span style=\"color: #6be8ec;\">&#8211; <strong>Specifika planeringsfr\u00e5gor<\/strong> som kan p\u00e5verka ett projekt eller ett fastighetsk\u00f6p kan klarg\u00f6ras med lokala experter innan k\u00f6pet g\u00f6rs. Erbjuder klarhet och sinnesfrid&#8230;<\/span><\/p>\r\n<p>&nbsp;<\/p>\r\n\r\n\r\n\r\n<p><span style=\"color: #6be8ec;\">&#8211;<strong> Etableringskostnader<\/strong> f\u00f6r att f\u00f6rse en ledig tomt med el, vatten och avlopp. Elektriska uppgraderingar f\u00f6r att f\u00e5 \u00f6kad str\u00f6mf\u00f6rs\u00f6rjning till din fastighet. Anslutning till kommunala avloppsn\u00e4t.<\/span><\/p>\r\n","protected":false},"excerpt":{"rendered":"<p>PROJEKTLEDNING &nbsp; Fr\u00e5n id\u00e9 till f\u00e4rdigst\u00e4llande erbjuder Mallorca Projects en omfattande, p\u00e5litlig och kommunikativ nyckelf\u00e4rdig tj\u00e4nst som levererar f\u00f6rstklassiga skr\u00e4ddarsydda projekt till n\u00f6jda kunder \u00f6ver hela \u00f6n. &nbsp; KONSULTTJ\u00c4NSTER &nbsp; En specifik riktad tj\u00e4nst till en fast avgift. Kunderna kan konsultera inom ett brett spektrum av \u00e4mnen f\u00f6r att f\u00e5 hj\u00e4lp och v\u00e4gledning inom alla &hellip; <\/p>\n<p class=\"link-more\"><a href=\"https:\/\/www.mallorcaprojects.com\/sv\/tjanster\/\" class=\"more-link\">Forts\u00e4tt l\u00e4sa<span class=\"screen-reader-text\"> \u201dTJ\u00c4NSTER\u201d<\/span><\/a><\/p>\n","protected":false},"author":1,"featured_media":229,"parent":0,"menu_order":0,"comment_status":"closed","ping_status":"closed","template":"","meta":{"footnotes":""},"class_list":["post-1336","page","type-page","status-publish","has-post-thumbnail","hentry"],"_links":{"self":[{"href":"https:\/\/www.mallorcaprojects.com\/sv\/wp-json\/wp\/v2\/pages\/1336","targetHints":{"allow":["GET"]}}],"collection":[{"href":"https:\/\/www.mallorcaprojects.com\/sv\/wp-json\/wp\/v2\/pages"}],"about":[{"href":"https:\/\/www.mallorcaprojects.com\/sv\/wp-json\/wp\/v2\/types\/page"}],"author":[{"embeddable":true,"href":"https:\/\/www.mallorcaprojects.com\/sv\/wp-json\/wp\/v2\/users\/1"}],"replies":[{"embeddable":true,"href":"https:\/\/www.mallorcaprojects.com\/sv\/wp-json\/wp\/v2\/comments?post=1336"}],"version-history":[{"count":0,"href":"https:\/\/www.mallorcaprojects.com\/sv\/wp-json\/wp\/v2\/pages\/1336\/revisions"}],"wp:featuredmedia":[{"embeddable":true,"href":"https:\/\/www.mallorcaprojects.com\/sv\/wp-json\/wp\/v2\/media\/229"}],"wp:attachment":[{"href":"https:\/\/www.mallorcaprojects.com\/sv\/wp-json\/wp\/v2\/media?parent=1336"}],"curies":[{"name":"wp","href":"https:\/\/api.w.org\/{rel}","templated":true}]}}